{"id":682,"date":"2018-04-08T18:19:44","date_gmt":"2018-04-08T18:19:44","guid":{"rendered":"https:\/\/freshcom.at\/portal\/?page_id=682"},"modified":"2018-04-08T18:27:31","modified_gmt":"2018-04-08T18:27:31","slug":"cookie-richtlinien","status":"publish","type":"page","link":"https:\/\/freshcom.at\/portal\/cookie-richtlinien\/","title":{"rendered":"Cookie-Richtlinien"},"content":{"rendered":"<div class=\"one_line_col\">\n<p>Cookies bestehen aus Teilen von Codes, die im Browser installiert werden und dem Eigent\u00fcmer dabei helfen, die den erkl\u00e4rten Zwecken entsprechenden Dienste zur Verf\u00fcgung zu stellen. Einige der Zwecke, f\u00fcr die Cookies installiert werden, k\u00f6nnen auch die Zustimmung des Nutzers erfordern.<\/p>\n<h3 id=\"technical_cookies\">Technische Cookies und Cookies, die aggregierten statistischen Zwecken dienen<\/h3>\n<ul class=\"for_boxes\">\n<li>\n<div class=\"box_primary box_10 expand expanded\">\n<h3 class=\"expand-click w_icon_24 icon_general\">F\u00fcr die Funktionalit\u00e4t des Dienstes essenzielle Aktivit\u00e4ten<\/h3>\n<div class=\"expand-content\">\n<p>Diese Website benutzt Cookies, um Nutzer-Sessions zu speichern und um andere f\u00fcr den Betrieb derselben essenziellen Aktivit\u00e4ten durchzuf\u00fchren, zum Beispiel im Zusammenhang mit der Verteilung des Datenverkehrs.<\/p>\n<\/div>\n<\/div>\n<\/li>\n<li>\n<div class=\"box_primary box_10 expand expanded\">\n<h3 class=\"expand-click w_icon_24 icon_general\">Die Speicherung von Einstellungen, Optimierung und Statistiken betreffende Aktivit\u00e4ten<\/h3>\n<div class=\"expand-content\">\n<p>Diese Website verwendet Cookies, um Browser-Einstellungen zu speichern und um das Surf-Erlebnis des Nutzers zu optimieren. Zu diesen Cookies z\u00e4hlen beispielsweise jene, mit denen die Sprache und die W\u00e4hrung eingestellt werden oder solche f\u00fcr die Verwaltung von Erstanbieterstatistiken, die direkt vom Eigent\u00fcmer der Seite betrieben werden.<\/p>\n<\/div>\n<\/div>\n<\/li>\n<\/ul>\n<h3 id=\"other_types_cookies\">Andere Arten von Cookies oder Tools von Drittanbietern, die diese verwenden k\u00f6nnen<\/h3>\n<p>Einige der unten aufgelisteten Dienste verwalten Statistiken in aggregierter Form und erfordern nicht unbedingt die Zustimmung des Nutzers oder k\u00f6nnen direkt vom Eigent\u00fcmer &#8211; abh\u00e4ngig von ihrer Beschreibung &#8211; ohne Hilfe von Drittanbietern betrieben werden.<\/p>\n<p>Sollten von Drittanbietern geleistete Dienste bei den unten stehenden Tools erscheinen, k\u00f6nnen diese dazu verwendet werden, um die Surfgewohnheiten des Nutzers nachzuvollziehen &#8211; zus\u00e4tzlich zu den hierin spezifizierten Informationen und ohne Wissen des Besitzers. F\u00fcr genauere Informationen ziehen Sie bitte die Datenschutzerkl\u00e4rungen der aufgelisteten Dienste zurate.<\/p>\n<ul class=\"for_boxes\">\n<li>\n<div class=\"box_primary box_10 expand expanded\">\n<h3 class=\"expand-click w_icon_24 policyicon_purpose_4463851\">Analytik<\/h3>\n<div class=\"expand-content\">\n<p>Mit den in diesem Abschnitt aufgef\u00fchrten Dienstleistungen kann der Eigent\u00fcmer den Datenverkehr \u00fcberwachen und analysieren sowie das Verhalten von Nutzern nachverfolgen.<\/p>\n<h4>Google Analytics (Google Inc.)<\/h4>\n<p>Google Analytics ist ein Webanalysedienst von Google Inc. (\u201eGoogle\u201c). Google verwendet die erhobenen Daten, um nachzuverfolgen und zu untersuchen, wie diese Website genutzt wird, Berichte \u00fcber ihre Aktivit\u00e4ten zu verfassen und diese gemeinsam mit anderen Google-Diensten zu nutzen.<br \/>\nGoogle kann die erhobenen Daten verwenden, um die Anzeigen seines eigenen Werbenetzwerks zu kontextualisieren und personalisieren.<\/p>\n<p>Erhobene personenbezogene Daten: Cookie und Nutzungsdaten.<\/p>\n<p>Verarbeitungsort: USA \u2013 <a href=\"https:\/\/www.google.com\/intl\/de\/policies\/privacy\/\" target=\"_blank\" rel=\"noopener\">Datenschutzerkl\u00e4rung<\/a> \u2013 <a href=\"https:\/\/tools.google.com\/dlpage\/gaoptout?hl=de\" target=\"_blank\" rel=\"noopener\">Opt Out<\/a><\/p>\n<\/div>\n<\/div>\n<\/li>\n<li>\n<div class=\"box_primary box_10 expand expanded\">\n<h3 class=\"expand-click w_icon_24 policyicon_purpose_4463849\">Interaktion mit externen sozialen Netzwerken und Plattformen<\/h3>\n<div class=\"expand-content\">\n<p>Diese Art von Diensten erm\u00f6glichen die Interaktion mit sozialen Netzwerken oder sonstigen externen Plattformen direkt \u00fcber diese Website.<br \/>\nDie Interaktion sowie die \u00fcber diese Website erhobenen Informationen unterliegen stets den von den Nutzern f\u00fcr das jeweilige soziale Netzwerk vorgenommenen Privatsph\u00e4re-Einstellungen.<br \/>\nFalls ein Dienst f\u00fcr die Interaktion mit sozialen Netzwerken installiert ist, so kann er f\u00fcr die Seiten, auf denen er installiert ist, auch dann Daten aus dem Datenverkehr erheben, wenn Nutzer den Dienst nicht verwenden.<\/p>\n<h4>\u201eGef\u00e4llt mir\u201c-Schaltfl\u00e4che und soziale Widgets f\u00fcr Facebook (Facebook, Inc.)<\/h4>\n<p>Die \u201eGef\u00e4llt mir\u201c-Schaltfl\u00e4che und sozialen Widgets f\u00fcr Facebook sind Dienste f\u00fcr die Interaktion mit dem sozialen Netzwerk Facebook von Facebook, Inc.<\/p>\n<p>Erhobene personenbezogene Daten: Cookie und Nutzungsdaten.<\/p>\n<p>Verarbeitungsort: USA \u2013 <a href=\"https:\/\/www.facebook.com\/privacy\/explanation\" target=\"_blank\" rel=\"noopener\">Datenschutzerkl\u00e4rung<\/a><\/p>\n<\/div>\n<\/div>\n<\/li>\n<\/ul>\n<h3 id=\"manage_cookies\">Wie kann ich die Installation von Cookies verwalten?<\/h3>\n<p>Zus\u00e4tzlich zu dem, was in diesem Dokument beschrieben wird, kann der Nutzer Einstellungen f\u00fcr Cookies direkt in seinem eigenen Browser verwalten und somit Drittanbieter daran hindern, diese zu installieren. Durch die Browser-Einstellungen ist es auch m\u00f6glich, in der Vergangenheit installierte Cookies zu l\u00f6schen, darunter auch jene Cookies, die m\u00f6glicherweise die Zustimmung f\u00fcr die Installation von Cookies durch diese Website gespeichert haben. Es bleibt zu beachten, dass die Deaktivierung aller Cookies zu einer Beeintr\u00e4chtigung des Angebotes dieser Website f\u00fchren kann. Der Nutzer kann Informationen \u00fcber die Verwaltung von Cookies in seinem Browser unter folgenden Adressen finden: <a href=\"https:\/\/support.google.com\/chrome\/answer\/95647?hl=de&amp;p=cpn_cookies\" target=\"_blank\" rel=\"noopener\">Google Chrome<\/a>, <a href=\"https:\/\/support.mozilla.org\/de\/kb\/cookies-erlauben-und-ablehnen\" target=\"_blank\" rel=\"noopener\">Mozilla Firefox<\/a>, <a href=\"https:\/\/support.apple.com\/kb\/PH19214?viewlocale=de_DE&amp;locale=en_US\" target=\"_blank\" rel=\"noopener\">Apple Safari<\/a> und <a href=\"http:\/\/windows.microsoft.com\/de-de\/windows-vista\/block-or-allow-cookies\" target=\"_blank\" rel=\"noopener\">Microsoft Windows Explorer<\/a>.<\/p>\n<p>Im Falle von Diensten, die von Drittanbietern angeboten werden, kann der Nutzer sein Widerrufsrecht geltend machen und von den Tracking-Aktivit\u00e4ten zur\u00fccktreten, indem sie von den in den Datenscherkl\u00e4rungen des Drittanbieters angegebenen Informationen Gebrauch machen, indem sie &#8211; falls vorhanden &#8211; den Opt-out-Link anklicken oder indem sie den Drittanbieter kontaktieren.<\/p>\n<p>Nichtsdestotrotz informiert der Eigent\u00fcmer, dass der Nutzer von folgendem profitieren kann: <a href=\"https:\/\/www.youronlinechoices.com\/\" target=\"_blank\" rel=\"noopener\">Your Online Choices<\/a>. Dieser Dienst erm\u00f6glicht es dem Nutzer, seine Tracking-Einstellungen f\u00fcr fast alle Werbe-Tools festzulegen. Der Besitzer empfiehlt dem Nutzer somit, zus\u00e4tzlich zu den in diesem Dokument bereitgestellten Informationen auch von diesem Mittel Gebrauch zu machen.<\/p>\n<h3 id=\"owner_of_the_data\">Eigent\u00fcmer und verantwortliche Stelle<\/h3>\n<p>FreshCOM<br \/>\nMichael Ernst<br \/>\nOffenbachstr.5<br \/>\nA-4614 Marchtrenk<\/p>\n<p><b>E-Mail-Adresse des Eigent\u00fcmers:<\/b> info@freshcom.at<\/p>\n<p>Da diese Website Dienste von Drittanbietern nutzt, die die Installation von Cookies und anderer solcher Tracking-Systeme zur Folge hat, welche technisch nicht durch den Eigent\u00fcmer kontrolliert werden k\u00f6nnen, muss jeder spezifische Hinweis auf von Drittanbietern installierte Cookies und Tracking-Systeme als indikativ angesehen werden. Komplette Informationen sind den Datenschutzerkl\u00e4rungen der in diesem Dokument angegebenen jeweiligen Drittanbietern zu entnehmen.<\/p>\n<p>Angesichts der objektiven Komplexit\u00e4t, die mit der Identifikation von auf Cookies basierenden Technologien verbunden ist, und deren \u00e4u\u00dferst enger Verflechtung mit dem Web-Betrieb, wird der Nutzer dazu angeregt, den Eigent\u00fcmer im Falle des Bedarfs weiterf\u00fchrender Informationen \u00fcber den Gebrauch von Cookies selbst sowie \u00fcber jeglichen Gebrauch selbiger &#8211; zum Beispiel durch einen Drittanbieter &#8211; durch diese Website, zu kontaktieren.<\/p>\n<\/div>\n<div class=\"one_line_col\">\n<div class=\"box_primary box_10 definitions expand expanded\">\n<h3 class=\"expand-click w_icon_24 icon_ribbon\">Begriffsbestimmungen und rechtliche Hinweise<\/h3>\n<div class=\"expand-content\">\n<h4>Personenbezogene Daten (oder Daten)<\/h4>\n<p>Angaben \u00fcber eine nat\u00fcrliche oder juristische Person, Institution oder Gesellschaft, die durch Bezug auf andere Angaben (einschlie\u00dflich einer pers\u00f6nlichen Identifikationsnummer) \u2013 auch indirekt \u2013 bestimmt wird oder bestimmbar ist.<\/p>\n<h4>Nutzungsdaten<\/h4>\n<p>Informationen, die diese Website (oder Dienste Dritter, die diese Website in Anspruch nimmt), automatisch erhebt, z. B.: die IP-Adressen oder Domain-Namen der Computer von Nutzern, die diese Website verwenden, die URI-Adressen (Uniform Resource Identifier), die Zeit der Anfrage, die Methode, die f\u00fcr die \u00dcbersendung der Anfrage an den Server verwendet wurde, die Gr\u00f6\u00dfe der empfangenen Antwort-Datei, der Zahlencode, der den Status der Server-Antwort anzeigt (erfolgreiches Ergebnis, Fehler etc.), das Herkunftsland, die Funktionen des vom Nutzer verwendeten Browsers und Betriebssystems, die diversen Zeitangaben pro Aufruf (z. B. wie viel Zeit auf jeder Seite der Anwendung verbracht wurde) und Angaben \u00fcber den Pfad, dem innerhalb einer Anwendung gefolgt wurde, insbesondere die Reihenfolge der besuchten Seiten, sowie sonstige Informationen \u00fcber das Betriebssystem des Ger\u00e4ts und\/oder die IT-Umgebung des Nutzers.<\/p>\n<h4>Nutzer<\/h4>\n<p>Die diese Website verwendende Person, auf die sich die personenbezogenen Daten beziehen, und die entweder der Dateninhaber sein muss oder die vom Dateninhaber bevollm\u00e4chtigt wurde.<\/p>\n<h4>Dateninhaber<\/h4>\n<p>Die juristische oder nat\u00fcrliche Person, auf die sich die personenbezogenen Daten beziehen.<\/p>\n<h4>Auftragsverarbeiter (oder Datenverarbeiter)<\/h4>\n<p>Die nat\u00fcrliche oder juristische Person, \u00f6ffentliche Verwaltung oder ein sonstiges Organ, eine sonstige Gesellschaft oder sonstige Organisation, die bzw. das von der verantwortlichen Stelle bevollm\u00e4chtigt wurde, die personenbezogenen Daten gem\u00e4\u00df dieser Datenschutzerkl\u00e4rung zu verarbeiten.<\/p>\n<h4>Verantwortliche Stelle (oder Eigent\u00fcmer)<\/h4>\n<p>Die nat\u00fcrliche oder juristische Person, \u00f6ffentliche Verwaltung oder ein sonstiges Organ, eine sonstige Gesellschaft oder sonstige Organisation mit dem Recht, m\u00f6glicherweise gemeinsam mit einer weiteren verantwortlichen Stelle Entscheidungen \u00fcber den Zweck und die Methoden der Verarbeitung von personenbezogenen Daten sowie die hierf\u00fcr verwendeten Mittel zu treffen, einschlie\u00dflich der Sicherheitsma\u00dfnahmen bez\u00fcglich des sich auf diese Website beziehenden Betriebs und der Nutzung. Soweit nichts anderes angegeben ist, ist die verantwortliche Stelle die nat\u00fcrliche oder juristische Person, in deren Eigentum diese Website steht.<\/p>\n<h4>Diese Website<\/h4>\n<p>Das Hardware- oder Software-Tool, mit dem die personenbezogenen Daten des Nutzers erhoben werden.<\/p>\n<h4>Cookie<\/h4>\n<p>Kleine Datei, die von der Anwendung im Ger\u00e4t des Nutzers gespeichert wird.<\/p>\n<hr \/>\n<h4>Rechtlicher Hinweis<\/h4>\n<p>Hinweis f\u00fcr europ\u00e4ische Nutzer: Diese Datenschutzerkl\u00e4rung wurde unter Einhaltung der Anforderungen von Art. 10 der EG-Richtlinie Nr. 95\/46\/EC und gem\u00e4\u00df den Bestimmungen der Richtlinie 2002\/58\/EG, \u00fcberarbeitet durch Richtlinie 2009\/136\/EG, zum Thema Cookies verfasst.<\/p>\n<p>In dieser Datenschutzerkl\u00e4rung geht es ausschlie\u00dflich um diese Website.<\/p>\n<\/div>\n<\/div>\n<\/div>\n","protected":false},"excerpt":{"rendered":"<p>Cookies bestehen aus Teilen von Codes, die im Browser installiert werden und dem Eigent\u00fcmer dabei helfen, die den erkl\u00e4rten Zwecken entsprechenden Dienste zur Verf\u00fcgung zu stellen. Einige der Zwecke, f\u00fcr die Cookies installiert werden, k\u00f6nnen auch die Zustimmung des Nutzers erfordern. Technische Cookies und Cookies, die aggregierten statistischen Zwecken dienen F\u00fcr die Funktionalit\u00e4t des Dienstes<\/p>\n","protected":false},"author":1,"featured_media":0,"parent":0,"menu_order":0,"comment_status":"closed","ping_status":"closed","template":"","meta":{"_bbp_topic_count":0,"_bbp_reply_count":0,"_bbp_total_topic_count":0,"_bbp_total_reply_count":0,"_bbp_voice_count":0,"_bbp_anonymous_reply_count":0,"_bbp_topic_count_hidden":0,"_bbp_reply_count_hidden":0,"_bbp_forum_subforum_count":0,"_exactmetrics_skip_tracking":false,"_exactmetrics_sitenote_active":false,"_exactmetrics_sitenote_note":"","_exactmetrics_sitenote_category":0,"footnotes":""},"yst_prominent_words":[],"class_list":["post-682","page","type-page","status-publish","hentry","prodpage-classic"],"_links":{"self":[{"href":"https:\/\/freshcom.at\/portal\/wp-json\/wp\/v2\/pages\/682","targetHints":{"allow":["GET"]}}],"collection":[{"href":"https:\/\/freshcom.at\/portal\/wp-json\/wp\/v2\/pages"}],"about":[{"href":"https:\/\/freshcom.at\/portal\/wp-json\/wp\/v2\/types\/page"}],"author":[{"embeddable":true,"href":"https:\/\/freshcom.at\/portal\/wp-json\/wp\/v2\/users\/1"}],"replies":[{"embeddable":true,"href":"https:\/\/freshcom.at\/portal\/wp-json\/wp\/v2\/comments?post=682"}],"version-history":[{"count":2,"href":"https:\/\/freshcom.at\/portal\/wp-json\/wp\/v2\/pages\/682\/revisions"}],"predecessor-version":[{"id":684,"href":"https:\/\/freshcom.at\/portal\/wp-json\/wp\/v2\/pages\/682\/revisions\/684"}],"wp:attachment":[{"href":"https:\/\/freshcom.at\/portal\/wp-json\/wp\/v2\/media?parent=682"}],"wp:term":[{"taxonomy":"yst_prominent_words","embeddable":true,"href":"https:\/\/freshcom.at\/portal\/wp-json\/wp\/v2\/yst_prominent_words?post=682"}],"curies":[{"name":"wp","href":"https:\/\/api.w.org\/{rel}","templated":true}]}}