{"id":654,"date":"2018-02-25T15:21:47","date_gmt":"2018-02-25T15:21:47","guid":{"rendered":"https:\/\/freshcom.at\/portal\/?page_id=654"},"modified":"2026-05-11T16:03:23","modified_gmt":"2026-05-11T16:03:23","slug":"homepage-neu","status":"publish","type":"page","link":"https:\/\/freshcom.at\/portal\/","title":{"rendered":"FreshCOM &#8211; Webmarketing &#8211; Webdesign &#8211; Webl\u00f6sungen"},"content":{"rendered":"","protected":false},"excerpt":{"rendered":"","protected":false},"author":1,"featured_media":0,"parent":0,"menu_order":0,"comment_status":"closed","ping_status":"closed","template":"","meta":{"_exactmetrics_skip_tracking":false,"_exactmetrics_sitenote_active":false,"_exactmetrics_sitenote_note":"","_exactmetrics_sitenote_category":0,"footnotes":""},"class_list":["post-654","page","type-page","status-publish","hentry"],"yoast_head":"<!-- This site is optimized with the Yoast SEO Premium plugin v27.6 (Yoast SEO v27.6) - https:\/\/yoast.com\/product\/yoast-seo-premium-wordpress\/ -->\n<title>FreshCOM - Webmarketing - Webdesign - Marketing Automation<\/title>\n<meta name=\"description\" content=\"Ihr Partner f\u00fcr Webmarketing, Webentwicklung, Webdesign und Marketing Automation. Umfassende Komplettl\u00f6sungen f\u00fcr Ihren Vorteil. Kontaktieren Sie uns noch heute!\" \/>\n<meta name=\"robots\" content=\"index, follow, max-snippet:-1, max-image-preview:large, max-video-preview:-1\" \/>\n<link rel=\"canonical\" href=\"https:\/\/freshcom.at\/portal\/\" \/>\n<meta property=\"og:locale\" content=\"de_DE\" \/>\n<meta property=\"og:type\" content=\"article\" \/>\n<meta property=\"og:title\" content=\"FreshCOM - Webmarketing - Webdesign - Webl\u00f6sungen\" \/>\n<meta property=\"og:description\" content=\"Ihr Partner f\u00fcr Webmarketing, Webentwicklung, Webdesign und Marketing Automation. Umfassende Komplettl\u00f6sungen f\u00fcr Ihren Vorteil. Kontaktieren Sie uns noch heute!\" \/>\n<meta property=\"og:url\" content=\"https:\/\/freshcom.at\/portal\/\" \/>\n<meta property=\"og:site_name\" content=\"FreshCOM - Webmarketing - Webdesign - Marketing Automation\" \/>\n<meta property=\"article:publisher\" content=\"https:\/\/www.facebook.com\/FreshCOM.WEBMarketing\/\" \/>\n<meta property=\"article:modified_time\" content=\"2026-05-11T16:03:23+00:00\" \/>\n<meta property=\"og:image\" content=\"https:\/\/freshcom.at\/portal\/wp-content\/uploads\/2018\/10\/shutterstock_1154810986.jpg\" \/>\n\t<meta property=\"og:image:width\" content=\"1815\" \/>\n\t<meta property=\"og:image:height\" content=\"1191\" \/>\n\t<meta property=\"og:image:type\" content=\"image\/jpeg\" \/>\n<meta name=\"twitter:card\" content=\"summary_large_image\" \/>\n<meta name=\"twitter:site\" content=\"@freshcomlive\" \/>\n<script type=\"application\/ld+json\" class=\"yoast-schema-graph\">{\"@context\":\"https:\\\/\\\/schema.org\",\"@graph\":[{\"@type\":\"WebPage\",\"@id\":\"https:\\\/\\\/freshcom.at\\\/portal\\\/\",\"url\":\"https:\\\/\\\/freshcom.at\\\/portal\\\/\",\"name\":\"FreshCOM - Webmarketing - Webdesign - Marketing Automation\",\"isPartOf\":{\"@id\":\"https:\\\/\\\/freshcom.at\\\/portal\\\/#website\"},\"datePublished\":\"2018-02-25T15:21:47+00:00\",\"dateModified\":\"2026-05-11T16:03:23+00:00\",\"description\":\"Ihr Partner f\u00fcr Webmarketing, Webentwicklung, Webdesign und Marketing Automation. Umfassende Komplettl\u00f6sungen f\u00fcr Ihren Vorteil. Kontaktieren Sie uns noch heute!\",\"breadcrumb\":{\"@id\":\"https:\\\/\\\/freshcom.at\\\/portal\\\/#breadcrumb\"},\"inLanguage\":\"de\",\"potentialAction\":[{\"@type\":\"ReadAction\",\"target\":[\"https:\\\/\\\/freshcom.at\\\/portal\\\/\"]}]},{\"@type\":\"BreadcrumbList\",\"@id\":\"https:\\\/\\\/freshcom.at\\\/portal\\\/#breadcrumb\",\"itemListElement\":[{\"@type\":\"ListItem\",\"position\":1,\"name\":\"Startseite\",\"item\":\"https:\\\/\\\/freshcom.at\\\/portal\\\/\"},{\"@type\":\"ListItem\",\"position\":2,\"name\":\"FreshCOM &#8211; Webmarketing &#8211; Webdesign &#8211; Webl\u00f6sungen\"}]},{\"@type\":\"WebSite\",\"@id\":\"https:\\\/\\\/freshcom.at\\\/portal\\\/#website\",\"url\":\"https:\\\/\\\/freshcom.at\\\/portal\\\/\",\"name\":\"FreshCOM - Webmarketing - Webdesign - Marketing Automation\",\"description\":\"... building success\",\"publisher\":{\"@id\":\"https:\\\/\\\/freshcom.at\\\/portal\\\/#organization\"},\"potentialAction\":[{\"@type\":\"SearchAction\",\"target\":{\"@type\":\"EntryPoint\",\"urlTemplate\":\"https:\\\/\\\/freshcom.at\\\/portal\\\/?s={search_term_string}\"},\"query-input\":{\"@type\":\"PropertyValueSpecification\",\"valueRequired\":true,\"valueName\":\"search_term_string\"}}],\"inLanguage\":\"de\"},{\"@type\":\"Organization\",\"@id\":\"https:\\\/\\\/freshcom.at\\\/portal\\\/#organization\",\"name\":\"FreshCOM\",\"url\":\"https:\\\/\\\/freshcom.at\\\/portal\\\/\",\"logo\":{\"@type\":\"ImageObject\",\"inLanguage\":\"de\",\"@id\":\"https:\\\/\\\/freshcom.at\\\/portal\\\/#\\\/schema\\\/logo\\\/image\\\/\",\"url\":\"https:\\\/\\\/freshcom.at\\\/portal\\\/wp-content\\\/uploads\\\/2018\\\/10\\\/new-FreshCOM.png\",\"contentUrl\":\"https:\\\/\\\/freshcom.at\\\/portal\\\/wp-content\\\/uploads\\\/2018\\\/10\\\/new-FreshCOM.png\",\"width\":1192,\"height\":376,\"caption\":\"FreshCOM\"},\"image\":{\"@id\":\"https:\\\/\\\/freshcom.at\\\/portal\\\/#\\\/schema\\\/logo\\\/image\\\/\"},\"sameAs\":[\"https:\\\/\\\/www.facebook.com\\\/FreshCOM.WEBMarketing\\\/\",\"https:\\\/\\\/x.com\\\/freshcomlive\",\"https:\\\/\\\/www.instagram.com\\\/freshcom4you\"]}]}<\/script>\n<!-- \/ Yoast SEO Premium plugin. -->","yoast_head_json":{"title":"FreshCOM - Webmarketing - Webdesign - Marketing Automation","description":"Ihr Partner f\u00fcr Webmarketing, Webentwicklung, Webdesign und Marketing Automation. Umfassende Komplettl\u00f6sungen f\u00fcr Ihren Vorteil. Kontaktieren Sie uns noch heute!","robots":{"index":"index","follow":"follow","max-snippet":"max-snippet:-1","max-image-preview":"max-image-preview:large","max-video-preview":"max-video-preview:-1"},"canonical":"https:\/\/freshcom.at\/portal\/","og_locale":"de_DE","og_type":"article","og_title":"FreshCOM - Webmarketing - Webdesign - Webl\u00f6sungen","og_description":"Ihr Partner f\u00fcr Webmarketing, Webentwicklung, Webdesign und Marketing Automation. Umfassende Komplettl\u00f6sungen f\u00fcr Ihren Vorteil. Kontaktieren Sie uns noch heute!","og_url":"https:\/\/freshcom.at\/portal\/","og_site_name":"FreshCOM - Webmarketing - Webdesign - Marketing Automation","article_publisher":"https:\/\/www.facebook.com\/FreshCOM.WEBMarketing\/","article_modified_time":"2026-05-11T16:03:23+00:00","og_image":[{"width":1815,"height":1191,"url":"https:\/\/freshcom.at\/portal\/wp-content\/uploads\/2018\/10\/shutterstock_1154810986.jpg","type":"image\/jpeg"}],"twitter_card":"summary_large_image","twitter_site":"@freshcomlive","schema":{"@context":"https:\/\/schema.org","@graph":[{"@type":"WebPage","@id":"https:\/\/freshcom.at\/portal\/","url":"https:\/\/freshcom.at\/portal\/","name":"FreshCOM - Webmarketing - Webdesign - Marketing Automation","isPartOf":{"@id":"https:\/\/freshcom.at\/portal\/#website"},"datePublished":"2018-02-25T15:21:47+00:00","dateModified":"2026-05-11T16:03:23+00:00","description":"Ihr Partner f\u00fcr Webmarketing, Webentwicklung, Webdesign und Marketing Automation. Umfassende Komplettl\u00f6sungen f\u00fcr Ihren Vorteil. Kontaktieren Sie uns noch heute!","breadcrumb":{"@id":"https:\/\/freshcom.at\/portal\/#breadcrumb"},"inLanguage":"de","potentialAction":[{"@type":"ReadAction","target":["https:\/\/freshcom.at\/portal\/"]}]},{"@type":"BreadcrumbList","@id":"https:\/\/freshcom.at\/portal\/#breadcrumb","itemListElement":[{"@type":"ListItem","position":1,"name":"Startseite","item":"https:\/\/freshcom.at\/portal\/"},{"@type":"ListItem","position":2,"name":"FreshCOM &#8211; Webmarketing &#8211; Webdesign &#8211; Webl\u00f6sungen"}]},{"@type":"WebSite","@id":"https:\/\/freshcom.at\/portal\/#website","url":"https:\/\/freshcom.at\/portal\/","name":"FreshCOM - Webmarketing - Webdesign - Marketing Automation","description":"... building success","publisher":{"@id":"https:\/\/freshcom.at\/portal\/#organization"},"potentialAction":[{"@type":"SearchAction","target":{"@type":"EntryPoint","urlTemplate":"https:\/\/freshcom.at\/portal\/?s={search_term_string}"},"query-input":{"@type":"PropertyValueSpecification","valueRequired":true,"valueName":"search_term_string"}}],"inLanguage":"de"},{"@type":"Organization","@id":"https:\/\/freshcom.at\/portal\/#organization","name":"FreshCOM","url":"https:\/\/freshcom.at\/portal\/","logo":{"@type":"ImageObject","inLanguage":"de","@id":"https:\/\/freshcom.at\/portal\/#\/schema\/logo\/image\/","url":"https:\/\/freshcom.at\/portal\/wp-content\/uploads\/2018\/10\/new-FreshCOM.png","contentUrl":"https:\/\/freshcom.at\/portal\/wp-content\/uploads\/2018\/10\/new-FreshCOM.png","width":1192,"height":376,"caption":"FreshCOM"},"image":{"@id":"https:\/\/freshcom.at\/portal\/#\/schema\/logo\/image\/"},"sameAs":["https:\/\/www.facebook.com\/FreshCOM.WEBMarketing\/","https:\/\/x.com\/freshcomlive","https:\/\/www.instagram.com\/freshcom4you"]}]}},"_links":{"self":[{"href":"https:\/\/freshcom.at\/portal\/wp-json\/wp\/v2\/pages\/654","targetHints":{"allow":["GET"]}}],"collection":[{"href":"https:\/\/freshcom.at\/portal\/wp-json\/wp\/v2\/pages"}],"about":[{"href":"https:\/\/freshcom.at\/portal\/wp-json\/wp\/v2\/types\/page"}],"author":[{"embeddable":true,"href":"https:\/\/freshcom.at\/portal\/wp-json\/wp\/v2\/users\/1"}],"replies":[{"embeddable":true,"href":"https:\/\/freshcom.at\/portal\/wp-json\/wp\/v2\/comments?post=654"}],"version-history":[{"count":2,"href":"https:\/\/freshcom.at\/portal\/wp-json\/wp\/v2\/pages\/654\/revisions"}],"predecessor-version":[{"id":2226,"href":"https:\/\/freshcom.at\/portal\/wp-json\/wp\/v2\/pages\/654\/revisions\/2226"}],"wp:attachment":[{"href":"https:\/\/freshcom.at\/portal\/wp-json\/wp\/v2\/media?parent=654"}],"curies":[{"name":"wp","href":"https:\/\/api.w.org\/{rel}","templated":true}]}}