{"id":1053,"date":"2018-04-08T18:12:13","date_gmt":"2018-04-08T18:12:13","guid":{"rendered":"https:\/\/freshcom.at\/portal\/datenschutz\/"},"modified":"2018-04-08T18:12:13","modified_gmt":"2018-04-08T18:12:13","slug":"datenschutz","status":"publish","type":"page","link":"https:\/\/freshcom.at\/portal\/en\/datenschutz\/","title":{"rendered":"Datenschutz"},"content":{"rendered":"<div id=\"wbars_all\">\n<div class=\"iub_container iub_base_container\">\n<div id=\"wbars\">\n<div class=\"iub_content legal_pp\">\n<div class=\"iub_header\">\n<p>Diese Website erhebt personenbezogene Daten von ihren Nutzern.<\/p>\n<\/div>\n<div class=\"one_line_col\">\n<h2 id=\"owner_of_the_data\">Eigent\u00fcmer und verantwortliche Stelle<\/h2>\n<p>FreshCOM<br \/>\nMichael Ernst<br \/>\nOffenbachstr.5<br \/>\nA-4614 Marchtrenk<\/p>\n<p><b>E-Mail-Adresse des Eigent\u00fcmers:<\/b> info@freshcom.at<\/p>\n<\/div>\n<div class=\"one_line_col\">\n<h2 id=\"types_of_data\">Arten der erhobenen Daten<\/h2>\n<p>Zu den Arten der bezogenen Daten, die diese Website entweder selbst oder \u00fcber Dritte erhebt, geh\u00f6ren: Cookie, Nutzungsdaten, Nachname, Vorname, Telefonnummer und E-Mail.<\/p>\n<p>Vollst\u00e4ndige Details zu jeder Art von verarbeiteten personenbezogenen Daten werden in den daf\u00fcr vorgesehenen Abschnitten dieser Datenschutzerkl\u00e4rung oder durch konkrete Erkl\u00e4rungstexte bereitgestellt, die vor der Datenverarbeitung angezeigt werden.<br \/>\nDie personenbezogenen Daten k\u00f6nnen vom Nutzer freiwillig bereitgestellt oder, im Falle von Nutzungsdaten, automatisch verarbeitet werden, wenn diese Website genutzt wird.<br \/>\nAlle durch diese Website angeforderten Daten sind obligatorisch. Sollten diese Daten nicht bereitgestellt werden, kann dies dazu f\u00fchren, dass diese Website nicht in der Lage ist, ihre Dienste zur Verf\u00fcgung zu stellen. In F\u00e4llen, in denen diese Website ausdr\u00fccklich angibt, dass einige Daten nicht obligatorisch sind, d\u00fcrfen sich die Nutzer daf\u00fcr entscheiden, diese Daten ohne jegliche Folgen f\u00fcr die Verf\u00fcgbarkeit oder die Funktion des Dienstes nicht weiterzugeben.<br \/>\nNutzer, die sich dar\u00fcber im Unklaren sind, welche personenbezogenen Daten obligatorisch sind, k\u00f6nnen gerne den Eigent\u00fcmer kontaktieren.<br \/>\nJegliche Verwendung von Cookies &#8211; oder anderer Tracking-Tools &#8211; durch diese Website oder die Besitzer von Drittdiensten, die durch diese Website genutzt werden, dient dem Zweck, den vom Nutzer gew\u00fcnschten Dienst bereitzustellen, und allen anderen Zwecken, die im vorliegenden Dokument und, falls vorhanden, in der Cookie-Richtlinie beschrieben sind.<\/p>\n<p>Die Nutzer sind f\u00fcr alle personenbezogenen Daten Dritter verantwortlich, die durch diese Website beschafft, ver\u00f6ffentlicht oder weitergegeben werden, und best\u00e4tigen, dass sie die Zustimmung der Drittpartei daf\u00fcr haben, die Daten dem Eigent\u00fcmer bereitzustellen.<\/p>\n<\/div>\n<div class=\"one_line_col\">\n<h2 id=\"place_of_processing\">Methode und Ort der Datenverarbeitung<\/h2>\n<h3>Verarbeitungsmethoden<\/h3>\n<p>Die verantwortliche Stelle verarbeitet die Nutzerdaten auf ordnungsgem\u00e4\u00dfe Weise und ergreift angemessene Sicherheitsma\u00dfnahmen, um den unbefugten Zugriff und die unbefugte Weiterleitung, Modifizierung oder Vernichtung von Daten zu vermeiden.<br \/>\nDie Datenverarbeitung wird mittels Computern oder IT-basierten Systemen durchgef\u00fchrt, einem organisatorischen Verfahren und Modus folgend die strikt auf die angegebenen Zwecke abzielen. Neben der verantwortlichen Stelle wird m\u00f6glicherweise auch bestimmten Kategorien von Verantwortlichen Zugriff auf die Daten gew\u00e4hrt, die an der Betreibung der Website beteiligt sind (Personalverwaltung, Vertrieb, Marketing, Recht, Systemadministratoren) oder externen Parteien (wie Fremdanbietern technischer Dienstleistungen, Zustellunternehmen, Hosting-Anbietern, IT-Unternehmen oder Kommunikationsagenturen), die, falls notwendig, vom Eigent\u00fcmer als Auftragsverarbeiter eingesetzt werden. Eine aktuelle Liste dieser Beteiligten kann jederzeit von der verantwortlichen Stelle verlangt werden.<\/p>\n<h3>Ort<\/h3>\n<p>Die Daten werden am Betriebsort der verantwortlichen Stelle und an allen anderen Orten, an denen sich die mit der Datenverarbeitung beteiligten Parteien befinden, verarbeitet. F\u00fcr weitere Informationen, kontaktieren Sie bitte die verantwortliche Stelle.<\/p>\n<h3>Speicherdauer<\/h3>\n<p>Die Daten werden so lange gespeichert, wie es f\u00fcr das Erbringen der vom Nutzer gew\u00fcnschten Dienstleistungen notwendig ist oder f\u00fcr die in diesem Dokument aufgef\u00fchrten Zwecke angegeben ist. Der Nutzer kann die verantwortliche Stelle jederzeit auffordern, die Daten zu sperren oder zu entfernen.<\/p>\n<\/div>\n<div class=\"one_line_col\">\n<h2 id=\"use_collected_data\">Nutzung der erhobenen Daten<\/h2>\n<p>Die Daten \u00fcber den Nutzer werden erhoben, damit der Eigent\u00fcmer die Dienstleistungen erbringen kann. Dar\u00fcber hinaus werden Daten zu folgenden Zwecken erhoben: Interaktion mit externen sozialen Netzwerken und Plattformen, Kontaktieren des Nutzers und Analytik.<\/p>\n<p>Die personenbezogenen Daten, die zu den aufgef\u00fchrten Zwecken verwendet werden, sind in den jeweiligen Abschnitten dieses Dokuments aufgef\u00fchrt.<\/p>\n<\/div>\n<div class=\"one_line_col\">\n<h2 id=\"data_processing_detailed_info\">Ausf\u00fchrliche Angaben \u00fcber die Verarbeitung personenbezogener Daten<\/h2>\n<p>Personenbezogene Daten werden zu folgenden Zwecken unter Inanspruchnahme folgender Dienstleistungen erhoben:<\/p>\n<ul class=\"for_boxes\">\n<li>\n<div class=\"box_primary box_10 expand expanded\">\n<h3 class=\"expand-click w_icon_24 policyicon_purpose_4463851\">Analytik<\/h3>\n<div class=\"expand-content\">\n<p>Mit den in diesem Abschnitt aufgef\u00fchrten Dienstleistungen kann der Eigent\u00fcmer den Datenverkehr \u00fcberwachen und analysieren sowie das Verhalten von Nutzern nachverfolgen.<\/p>\n<h4>Google Analytics (Google Inc.)<\/h4>\n<p>Google Analytics ist ein Webanalysedienst von Google Inc. (\u201eGoogle\u201c). Google verwendet die erhobenen Daten, um nachzuverfolgen und zu untersuchen, wie diese Website genutzt wird, Berichte \u00fcber ihre Aktivit\u00e4ten zu verfassen und diese gemeinsam mit anderen Google-Diensten zu nutzen.<br \/>\nGoogle kann die erhobenen Daten verwenden, um die Anzeigen seines eigenen Werbenetzwerks zu kontextualisieren und personalisieren.<\/p>\n<p>Erhobene personenbezogene Daten: Cookie und Nutzungsdaten.<\/p>\n<p>Verarbeitungsort: USA \u2013 <a href=\"https:\/\/www.google.com\/intl\/de\/policies\/privacy\/\" target=\"_blank\" rel=\"noopener\">Datenschutzerkl\u00e4rung<\/a> \u2013 <a href=\"https:\/\/tools.google.com\/dlpage\/gaoptout?hl=de\" target=\"_blank\" rel=\"noopener\">Opt Out<\/a><\/p>\n<\/div>\n<\/div>\n<\/li>\n<li>\n<div class=\"box_primary box_10 expand expanded\">\n<h3 class=\"expand-click w_icon_24 policyicon_purpose_4463849\">Interaktion mit externen sozialen Netzwerken und Plattformen<\/h3>\n<div class=\"expand-content\">\n<p>Diese Art von Diensten erm\u00f6glichen die Interaktion mit sozialen Netzwerken oder sonstigen externen Plattformen direkt \u00fcber diese Website.<br \/>\nDie Interaktion sowie die \u00fcber diese Website erhobenen Informationen unterliegen stets den von den Nutzern f\u00fcr das jeweilige soziale Netzwerk vorgenommenen Privatsph\u00e4re-Einstellungen.<br \/>\nFalls ein Dienst f\u00fcr die Interaktion mit sozialen Netzwerken installiert ist, so kann er f\u00fcr die Seiten, auf denen er installiert ist, auch dann Daten aus dem Datenverkehr erheben, wenn Nutzer den Dienst nicht verwenden.<\/p>\n<h4>\u201eGef\u00e4llt mir\u201c-Schaltfl\u00e4che und soziale Widgets f\u00fcr Facebook (Facebook, Inc.)<\/h4>\n<p>Die \u201eGef\u00e4llt mir\u201c-Schaltfl\u00e4che und sozialen Widgets f\u00fcr Facebook sind Dienste f\u00fcr die Interaktion mit dem sozialen Netzwerk Facebook von Facebook, Inc.<\/p>\n<p>Erhobene personenbezogene Daten: Cookie und Nutzungsdaten.<\/p>\n<p>Verarbeitungsort: USA \u2013 <a href=\"https:\/\/www.facebook.com\/privacy\/explanation\" target=\"_blank\" rel=\"noopener\">Datenschutzerkl\u00e4rung<\/a><\/p>\n<\/div>\n<\/div>\n<\/li>\n<li>\n<div class=\"box_primary box_10 expand expanded\">\n<h3 class=\"expand-click w_icon_24 policyicon_purpose_4463850\">Kontaktieren des Nutzers<\/h3>\n<div class=\"expand-content\">\n<h4>Kontaktformular (diese Website)<\/h4>\n<p>Durch Ausf\u00fcllen des Kontaktformulars mit ihren Daten autorisieren Nutzer diese Website, ihre Angaben zu verwenden, um auf Bitten nach Informationen, Angebote oder sonstige Anfragen, die in der Kopfzeile des Formulars angegeben sind, zu reagieren.<\/p>\n<p>Erhobene personenbezogene Daten: E-Mail, Nachname, Telefonnummer und Vorname.<\/p>\n<\/div>\n<\/div>\n<\/li>\n<\/ul>\n<\/div>\n<div class=\"one_line_col\">\n<h2 id=\"cookie_policy\">Cookie-Richtlinien<\/h2>\n<p>Diese Website benutzt Cookies. Um mehr zu erfahren und eine genauere Kenntnis \u00fcber Cookies zu bekommen, lesen Sie die <a href=\"\/?page_id=682\">Cookie-Richtlinien.<\/a><\/p>\n<\/div>\n<div class=\"one_line_col\">\n<h2 id=\"further_data_processing_info\">Weitere Informationen \u00fcber die Erhebung und Verarbeitung von Daten<\/h2>\n<h3>Rechtliche Ma\u00dfnahmen<\/h3>\n<p>Die personenbezogenen Daten des Nutzers k\u00f6nnen von der verantwortlichen Stelle zu rechtlichen Zwecken in gerichtlichen Verfahren oder vor m\u00f6glichen Klagen verwendet werden, die sich daraus ergeben, dass diese Website oder die dazugeh\u00f6rigen Dienste nicht ordnungsgem\u00e4\u00df genutzt wurden.<br \/>\nDer Nutzer ist sich dessen bewusst, dass die verantwortliche Stelle von den Beh\u00f6rden zur Herausgabe von personenbezogenen Daten aufgefordert werden k\u00f6nnte.<\/p>\n<h3>Weitere Informationen \u00fcber die personenbezogenen Daten des Nutzers<\/h3>\n<p>Neben den in dieser Datenschutzerkl\u00e4rung aufgef\u00fchrten Informationen kann diese Website dem Nutzer auf Anfrage Informationen zusenden, die sich auf bestimmte Dienste oder die Erhebung und Verarbeitung personenbezogener Daten beziehen.<\/p>\n<h3>Systemprotokolle und Wartung<\/h3>\n<p>Diese Website und die Dienste von Drittanbietern k\u00f6nnen zu Betriebs- und Wartungszwecken Dateien sammeln, die die \u00fcber diese Website stattfindende Interaktion aufzeichnen (Systemprotokolle), oder andere personenbezogene Daten (z. B. IP-Adresse) zu diesem Zweck verwenden.<\/p>\n<h3>Nicht in dieser Datenschutzerkl\u00e4rung enthaltene Informationen<\/h3>\n<p>Weitere Informationen \u00fcber die Erhebung oder Verarbeitung von personenbezogenen Daten k\u00f6nnen jederzeit von der verantwortlichen Stelle \u00fcber die angegebenen Kontaktangaben angefordert werden.<\/p>\n<h3>Rechte von Nutzern<\/h3>\n<p>Nutzer sind jederzeit berechtigt zu erfahren, ob ihre personenbezogenen Daten gespeichert wurden, und k\u00f6nnen die verantwortliche Stelle kontaktieren, um die Inhalte und Herkunft der gespeicherten Daten zu erfahren, ihre Richtigkeit zu \u00fcberpr\u00fcfen, ihre Erg\u00e4nzung, L\u00f6schung, Aktualisierung, Berichtigung oder Umwandlung in ein anonymisiertes Format oder die Sperrung rechtswidrig gespeicherter Daten zu verlangen sowie ihre Verarbeitung aus rechtm\u00e4\u00dfigen Gr\u00fcnden abzulehnen. Entsprechende Anfragen sind an die verantwortliche Stelle unter Verwendung der oben aufgef\u00fchrten Kontaktangaben zu senden.<\/p>\n<p>Diese Website unterst\u00fctzt keine Nicht-Verfolgen-Anfragen (do not track) durch Webbrowser.<br \/>\nDie Information, ob benutzte Drittanbieter das Nicht-Verfolgen Protokoll befolgen, entnehmen Sie bitte der Datenschutzerkl\u00e4rung f\u00fcr den jeweiligen Dienst.<\/p>\n<h3>\u00c4nderungen dieser Datenschutzerkl\u00e4rung<\/h3>\n<p>Die verantwortliche Stelle beh\u00e4lt sich vor, jederzeit \u00c4nderungen an dieser Datenschutzerkl\u00e4rung vorzunehmen, indem sie ihre Nutzer auf dieser Seite entsprechend informiert. Nutzern wird daher nahe gelegt, diese Seite regelm\u00e4\u00dfig aufzurufen und dabei das am Seitenende angegebene Datum der letzten \u00c4nderung zu pr\u00fcfen. Lehnt ein Nutzer eine \u00c4nderung der Datenschutzerkl\u00e4rung ab, so darf er diese Website nicht mehr nutzen und kann die verantwortliche Stelle auffordern, seine personenbezogenen Daten zu l\u00f6schen. Soweit nichts anderes angegeben ist, gilt die jeweils aktuelle Datenschutzerkl\u00e4rung f\u00fcr alle personenbezogenen Daten, die die verantwortliche Stelle \u00fcber einen Nutzer gespeichert hat.<\/p>\n<p>&nbsp;<\/p>\n<\/div>\n<div class=\"one_line_col\">\n<div class=\"box_primary box_10 definitions expand expanded\">\n<h3 class=\"expand-click w_icon_24 icon_ribbon\">Begriffsbestimmungen und rechtliche Hinweise<\/h3>\n<div class=\"expand-content\">\n<h4>Personenbezogene Daten (oder Daten)<\/h4>\n<p>Angaben \u00fcber eine nat\u00fcrliche oder juristische Person, Institution oder Gesellschaft, die durch Bezug auf andere Angaben (einschlie\u00dflich einer pers\u00f6nlichen Identifikationsnummer) \u2013 auch indirekt \u2013 bestimmt wird oder bestimmbar ist.<\/p>\n<h4>Nutzungsdaten<\/h4>\n<p>Informationen, die diese Website (oder Dienste Dritter, die diese Website in Anspruch nimmt), automatisch erhebt, z. B.: die IP-Adressen oder Domain-Namen der Computer von Nutzern, die diese Website verwenden, die URI-Adressen (Uniform Resource Identifier), die Zeit der Anfrage, die Methode, die f\u00fcr die \u00dcbersendung der Anfrage an den Server verwendet wurde, die Gr\u00f6\u00dfe der empfangenen Antwort-Datei, der Zahlencode, der den Status der Server-Antwort anzeigt (erfolgreiches Ergebnis, Fehler etc.), das Herkunftsland, die Funktionen des vom Nutzer verwendeten Browsers und Betriebssystems, die diversen Zeitangaben pro Aufruf (z. B. wie viel Zeit auf jeder Seite der Anwendung verbracht wurde) und Angaben \u00fcber den Pfad, dem innerhalb einer Anwendung gefolgt wurde, insbesondere die Reihenfolge der besuchten Seiten, sowie sonstige Informationen \u00fcber das Betriebssystem des Ger\u00e4ts und\/oder die IT-Umgebung des Nutzers.<\/p>\n<h4>Nutzer<\/h4>\n<p>Die diese Website verwendende Person, auf die sich die personenbezogenen Daten beziehen, und die entweder der Dateninhaber sein muss oder die vom Dateninhaber bevollm\u00e4chtigt wurde.<\/p>\n<h4>Dateninhaber<\/h4>\n<p>Die juristische oder nat\u00fcrliche Person, auf die sich die personenbezogenen Daten beziehen.<\/p>\n<h4>Auftragsverarbeiter (oder Datenverarbeiter)<\/h4>\n<p>Die nat\u00fcrliche oder juristische Person, \u00f6ffentliche Verwaltung oder ein sonstiges Organ, eine sonstige Gesellschaft oder sonstige Organisation, die bzw. das von der verantwortlichen Stelle bevollm\u00e4chtigt wurde, die personenbezogenen Daten gem\u00e4\u00df dieser Datenschutzerkl\u00e4rung zu verarbeiten.<\/p>\n<h4>Verantwortliche Stelle (oder Eigent\u00fcmer)<\/h4>\n<p>Die nat\u00fcrliche oder juristische Person, \u00f6ffentliche Verwaltung oder ein sonstiges Organ, eine sonstige Gesellschaft oder sonstige Organisation mit dem Recht, m\u00f6glicherweise gemeinsam mit einer weiteren verantwortlichen Stelle Entscheidungen \u00fcber den Zweck und die Methoden der Verarbeitung von personenbezogenen Daten sowie die hierf\u00fcr verwendeten Mittel zu treffen, einschlie\u00dflich der Sicherheitsma\u00dfnahmen bez\u00fcglich des sich auf diese Website beziehenden Betriebs und der Nutzung. Soweit nichts anderes angegeben ist, ist die verantwortliche Stelle die nat\u00fcrliche oder juristische Person, in deren Eigentum diese Website steht.<\/p>\n<h4>Diese Website<\/h4>\n<p>Das Hardware- oder Software-Tool, mit dem die personenbezogenen Daten des Nutzers erhoben werden.<\/p>\n<h4>Cookie<\/h4>\n<p>Kleine Datei, die von der Anwendung im Ger\u00e4t des Nutzers gespeichert wird.<\/p>\n<hr \/>\n<h4>Rechtlicher Hinweis<\/h4>\n<p>Hinweis f\u00fcr europ\u00e4ische Nutzer: Diese Datenschutzerkl\u00e4rung wurde unter Einhaltung der Anforderungen von Art. 10 der EG-Richtlinie Nr. 95\/46\/EC und gem\u00e4\u00df den Bestimmungen der Richtlinie 2002\/58\/EG, \u00fcberarbeitet durch Richtlinie 2009\/136\/EG, zum Thema Cookies verfasst.<\/p>\n<p>In dieser Datenschutzerkl\u00e4rung geht es ausschlie\u00dflich um diese Website.<\/p>\n<\/div>\n<\/div>\n<\/div>\n<div class=\"iub_footer\">\n<p>&nbsp;<\/p>\n<\/div>\n<\/div>\n<\/div>\n<\/div>\n<\/div>\n","protected":false},"excerpt":{"rendered":"<p>Diese Website erhebt personenbezogene Daten von ihren Nutzern. Eigent\u00fcmer und verantwortliche Stelle FreshCOM Michael Ernst Offenbachstr.5 A-4614 Marchtrenk E-Mail-Adresse des Eigent\u00fcmers: info@freshcom.at Arten der erhobenen Daten Zu den Arten der bezogenen Daten, die diese Website entweder selbst oder \u00fcber Dritte erhebt, geh\u00f6ren: Cookie, Nutzungsdaten, Nachname, Vorname, Telefonnummer und E-Mail. Vollst\u00e4ndige Details zu jeder Art von<\/p>\n","protected":false},"author":1,"featured_media":0,"parent":0,"menu_order":0,"comment_status":"closed","ping_status":"closed","template":"","meta":{"_bbp_topic_count":0,"_bbp_reply_count":0,"_bbp_total_topic_count":0,"_bbp_total_reply_count":0,"_bbp_voice_count":0,"_bbp_anonymous_reply_count":0,"_bbp_topic_count_hidden":0,"_bbp_reply_count_hidden":0,"_bbp_forum_subforum_count":0,"_exactmetrics_skip_tracking":false,"_exactmetrics_sitenote_active":false,"_exactmetrics_sitenote_note":"","_exactmetrics_sitenote_category":0,"footnotes":""},"yst_prominent_words":[313,306,305,299,311,298,314,307,310,297,308,303,300,295,301,309,312,296,304,302],"class_list":["post-1053","page","type-page","status-publish","hentry","prodpage-classic"],"_links":{"self":[{"href":"https:\/\/freshcom.at\/portal\/en\/wp-json\/wp\/v2\/pages\/1053","targetHints":{"allow":["GET"]}}],"collection":[{"href":"https:\/\/freshcom.at\/portal\/en\/wp-json\/wp\/v2\/pages"}],"about":[{"href":"https:\/\/freshcom.at\/portal\/en\/wp-json\/wp\/v2\/types\/page"}],"author":[{"embeddable":true,"href":"https:\/\/freshcom.at\/portal\/en\/wp-json\/wp\/v2\/users\/1"}],"replies":[{"embeddable":true,"href":"https:\/\/freshcom.at\/portal\/en\/wp-json\/wp\/v2\/comments?post=1053"}],"version-history":[{"count":0,"href":"https:\/\/freshcom.at\/portal\/en\/wp-json\/wp\/v2\/pages\/1053\/revisions"}],"wp:attachment":[{"href":"https:\/\/freshcom.at\/portal\/en\/wp-json\/wp\/v2\/media?parent=1053"}],"wp:term":[{"taxonomy":"yst_prominent_words","embeddable":true,"href":"https:\/\/freshcom.at\/portal\/en\/wp-json\/wp\/v2\/yst_prominent_words?post=1053"}],"curies":[{"name":"wp","href":"https:\/\/api.w.org\/{rel}","templated":true}]}}